{"id":3034,"date":"2018-01-17T17:11:53","date_gmt":"2018-01-17T14:11:53","guid":{"rendered":"https:\/\/apartments-christina.gr\/?page_id=3034"},"modified":"2018-04-17T11:55:05","modified_gmt":"2018-04-17T08:55:05","slug":"reservierungsformular","status":"publish","type":"page","link":"https:\/\/apartments-christina.gr\/de\/reservierungsformular\/","title":{"rendered":"Reservierungsformular"},"content":{"rendered":"<p>[easy_form resource-de style=&#8220;none&#8220; submit=&#8220;Reservierung erfolgreich gesendet&#8220; subsubmit=&#8220;Anweisungen f\u00fcr die \u00fcberweisenden Bankmittel m\u00fcssen in Euro \u00fcber das Ziel 2 wie folgt gesendet werden:<br \/>\nEmpfangsbank ist Panelinia Bank (pnelgraa)<br \/>\nAccount with institution \/ 610087<br \/>\nSwift bic: stpgrgra 1<br \/>\nPancretan Cooperative Bank 12 Kosmon str<br \/>\n71201 Heraklion (Kreta) &#8211; Griechenland<br \/>\nBeg\u00fcnstigter Kunde: \/ gr4708700330000300002506576<br \/>\nParasyri Markela M<br \/>\nStavromenos Rethymnys 74100&#8243; subsubmit=&#8220;<br \/>\nBitte zahlen Sie weiterhin per Pay Pal oder geben Sie Ihre Kreditkarte ein&#8220; credit=&#8220;<br \/>\nReservierung abgeschlossen&#8220; subcredit=&#8220;Sie erhalten eine E-Mail mit den Details Ihrer Reservierung.&#8220; resourcename=&#8220;Room&#8220; price=&#8220;1&#8243; pers=&#8220;1&#8243; resource=&#8220;2507&#8243; multiple=&#8220;full&#8220; validate=&#8220;<br \/>\nIhre Reservierung war erfolgreich&#8220; subvalidate=&#8220;Machen Sie zus\u00e4tzliche Buchungen oder klicken Sie auf &#8222;Senden&#8220;&#8220;]<\/p>\n","protected":false},"excerpt":{"rendered":"<p>[easy_form resource-de style=&#8220;none&#8220; submit=&#8220;Reservierung erfolgreich gesendet&#8220; subsubmit=&#8220;Anweisungen f\u00fcr die \u00fcberweisenden Bankmittel m\u00fcssen in Euro \u00fcber das Ziel 2 wie folgt gesendet werden: Empfangsbank ist Panelinia Bank (pnelgraa) Account with institution \/ 610087 Swift bic: stpgrgra 1 Pancretan Cooperative Bank 12 Kosmon str 71201 Heraklion (Kreta) &#8211; Griechenland Beg\u00fcnstigter Kunde: \/ gr4708700330000300002506576 Parasyri Markela M Stavromenos [&hellip;]<\/p>\n","protected":false},"author":1,"featured_media":0,"parent":0,"menu_order":0,"comment_status":"closed","ping_status":"closed","template":"","meta":[],"_links":{"self":[{"href":"https:\/\/apartments-christina.gr\/de\/wp-json\/wp\/v2\/pages\/3034"}],"collection":[{"href":"https:\/\/apartments-christina.gr\/de\/wp-json\/wp\/v2\/pages"}],"about":[{"href":"https:\/\/apartments-christina.gr\/de\/wp-json\/wp\/v2\/types\/page"}],"author":[{"embeddable":true,"href":"https:\/\/apartments-christina.gr\/de\/wp-json\/wp\/v2\/users\/1"}],"replies":[{"embeddable":true,"href":"https:\/\/apartments-christina.gr\/de\/wp-json\/wp\/v2\/comments?post=3034"}],"version-history":[{"count":3,"href":"https:\/\/apartments-christina.gr\/de\/wp-json\/wp\/v2\/pages\/3034\/revisions"}],"predecessor-version":[{"id":3067,"href":"https:\/\/apartments-christina.gr\/de\/wp-json\/wp\/v2\/pages\/3034\/revisions\/3067"}],"wp:attachment":[{"href":"https:\/\/apartments-christina.gr\/de\/wp-json\/wp\/v2\/media?parent=3034"}],"curies":[{"name":"wp","href":"https:\/\/api.w.org\/{rel}","templated":true}]}}