{"id":2591,"date":"2017-11-10T20:47:04","date_gmt":"2017-11-10T17:47:04","guid":{"rendered":"https:\/\/apartments-christina.gr\/?page_id=2591"},"modified":"2023-03-13T15:36:36","modified_gmt":"2023-03-13T12:36:36","slug":"sonderbedingungen","status":"publish","type":"page","link":"https:\/\/apartments-christina.gr\/de\/sonderbedingungen\/","title":{"rendered":"SONDERBEDINGUNGEN"},"content":{"rendered":"<p>Wir m\u00f6chten unsere Kunden dar\u00fcber informieren, dass laut <strong>Gesetz 4472\/2017<\/strong> eine Kurtaxe von <strong>0,50 \u20ac<\/strong> pro Nacht erhoben wird, die <strong>nicht<\/strong> in den Zimmerpreisen <strong>enthalten ist<\/strong>.<\/p>\n<p><strong>Check in: <\/strong>14:00 &#8211; 00:00<\/p>\n<p><strong>Check out: <\/strong>07:00 &#8211; 12:00 Recht das Zimmer bis 12:00 Uhr zu benutzen Um das Zimmer bis 18:00 Uhr zu benutzen, ist die zus\u00e4tzliche Belastung 50%. Nach 18:00 Uhr wird der vollst\u00e4ndige Tagespreis gerechnet. Es kann mit den Besitzern vereinbart werden, ob es die M\u00f6glichkeit gibt eine Stunde mehr, als die normale Abfahrtzeit, zu bleiben. Bitte informieren Sie APARTMENTS CHRISTINA im Voraus \u00fcber den erwarteten Zeitpunkt Ihrer Ankunft, damit jemand Ihnen mit den Schl\u00fcsseln und Ihrem Apartment helfen kann. Sie k\u00f6nnen auch ein Taxi bestellen, um Sie von Flughafen abzuholen.<\/p>\n<p><span style=\"text-decoration: underline;\"><strong>Vorauszahlung f\u00fcr das Zimmer:<\/strong><\/span>\u00a0<\/p>\n<p>20% des Gesamtbetrags wird nach Ihrer Buchung als Vorauszahlung f\u00fcr Ihr Zimmer bezahlt und wird im Falle der Stornierung nicht wieder zur\u00fcckerstattet. Der \u00fcbrige Betrag wird bar bei Ihrer Ankunft an den Apartments bezahlt.<\/p>\n<p><span style=\"text-decoration: underline;\"><strong>Stornierungsbedingungen:<\/strong><\/span><\/p>\n<p>Falls Sie 21 Tage vor dem erwarteten Ankunftsdatum stornieren, gibt es keine weitere Belastung, au\u00dfer der 20% Vorauszahlung, die Sie am Anfang bezahlen und die nicht zur\u00fcckerstattet wird. Falls sich nach 21 Tage vor Ihrer Ankunft stornieren, dann wird noch 50% des \u00fcbrigen Betrags von Ihnen bezahlt. Falls Sie w\u00e4hrend Ihres Aufenthaltes Ihre Buchung stornieren, wird der ganze Betrag bezahlt. Haustiere sind nicht erlaubt.<\/p>\n<p><strong>Nr. im Register f\u00fcr Tourismusunternehmen: 1284873<\/strong><\/p>\n","protected":false},"excerpt":{"rendered":"<p>Wir m\u00f6chten unsere Kunden dar\u00fcber informieren, dass laut Gesetz 4472\/2017 eine Kurtaxe von 0,50 \u20ac pro Nacht erhoben wird, die nicht in den Zimmerpreisen enthalten ist. Check in: 14:00 &#8211; 00:00 Check out: 07:00 &#8211; 12:00 Recht das Zimmer bis 12:00 Uhr zu benutzen Um das Zimmer bis 18:00 Uhr zu benutzen, ist die zus\u00e4tzliche [&hellip;]<\/p>\n","protected":false},"author":1,"featured_media":0,"parent":0,"menu_order":25,"comment_status":"closed","ping_status":"closed","template":"","meta":[],"_links":{"self":[{"href":"https:\/\/apartments-christina.gr\/de\/wp-json\/wp\/v2\/pages\/2591"}],"collection":[{"href":"https:\/\/apartments-christina.gr\/de\/wp-json\/wp\/v2\/pages"}],"about":[{"href":"https:\/\/apartments-christina.gr\/de\/wp-json\/wp\/v2\/types\/page"}],"author":[{"embeddable":true,"href":"https:\/\/apartments-christina.gr\/de\/wp-json\/wp\/v2\/users\/1"}],"replies":[{"embeddable":true,"href":"https:\/\/apartments-christina.gr\/de\/wp-json\/wp\/v2\/comments?post=2591"}],"version-history":[{"count":5,"href":"https:\/\/apartments-christina.gr\/de\/wp-json\/wp\/v2\/pages\/2591\/revisions"}],"predecessor-version":[{"id":3398,"href":"https:\/\/apartments-christina.gr\/de\/wp-json\/wp\/v2\/pages\/2591\/revisions\/3398"}],"wp:attachment":[{"href":"https:\/\/apartments-christina.gr\/de\/wp-json\/wp\/v2\/media?parent=2591"}],"curies":[{"name":"wp","href":"https:\/\/api.w.org\/{rel}","templated":true}]}}